{"id":568,"date":"2025-12-09T14:39:57","date_gmt":"2025-12-09T13:39:57","guid":{"rendered":"https:\/\/www.camping-ecrins.com\/\/localizaciones\/"},"modified":"2026-03-17T10:25:33","modified_gmt":"2026-03-17T09:25:33","slug":"localizaciones","status":"publish","type":"page","link":"https:\/\/www.camping-ecrins.com\/es\/localizaciones\/","title":{"rendered":"Localizaciones"},"content":{"rendered":"\n<div class=\"wp-block-buttons is-content-justification-center is-layout-flex wp-container-core-buttons-is-layout-a89b3969 wp-block-buttons-is-layout-flex\">\n<div class=\"wp-block-button is-style-button-orange is-style-button-orange--1\"><a class=\"wp-block-button__link wp-element-button\" href=\"https:\/\/www.camping-ecrins.com\/\/les-emplacements\/reservations-emplacements\/\" target=\"_blank\" rel=\"noreferrer noopener\">Solicitud de reserva<\/a><\/div>\n\n\n\n<div class=\"wp-block-button is-style-button-green is-style-button-green--2\"><a class=\"wp-block-button__link wp-element-button\" href=\"https:\/\/www.camping-ecrins.com\/\/wp-content\/uploads\/2026\/02\/plan-camping-1.pdf\" target=\"_blank\" rel=\"noreferrer noopener\">Mapa del camping<\/a><\/div>\n<\/div>\n\n<div class=\"wp-block-ws-library-ws-columns alignwide has-2-columns are-vertically-aligned-center layout-5050\">\n<div class=\"wp-block-ws-library-ws-column\"><div class=\"wrapper\">\n<div class=\"wp-block-ws-library-ws-image\"><div class=\"wrapper\"><div class=\"group-media\"><img decoding=\"async\" src=\"https:\/\/www.camping-ecrins.com\/\/wp-content\/uploads\/2026\/02\/6a377f17-101a-469c-a12e-5fcb0a3c64a3-960x640.jpg\" alt=\"\" class=\"single_image ws-image-286\"><div class=\"credits\"><\/div><\/div><p class=\"caption\"><\/p><\/div><\/div>\n<\/div><\/div>\n\n\n\n<div class=\"wp-block-ws-library-ws-column\"><div class=\"wrapper\">\n<h2 class=\"wp-block-heading\">69 PARCELAS DE CAMPING Y CARAVANING<\/h2>\n\n\n\n<p><strong>Cada parcela tiene una conexi\u00f3n el\u00e9ctrica y una toma de agua cerca, y est\u00e1 rodeada de \u00e1rboles o setos, a la sombra o al sol&#8230;  <\/strong><\/p>\n\n\n\n<p><strong>Disfruta de unas vacaciones muy naturales en Champsaur.<\/strong><\/p>\n<\/div><\/div>\n<\/div>\n\n<div class=\"wp-block-ws-library-ws-banner alignfull\"><div class=\"wrapper\"><div class=\"group-media\"><img loading=\"lazy\" decoding=\"async\" width=\"1920\" height=\"600\" src=\"https:\/\/www.camping-ecrins.com\/\/wp-content\/uploads\/2026\/02\/aefcfe84-0ef3-46f0-bcfd-dcfbaaed5b65-1920x600.jpg\" alt=\"\" class=\"single_image wp-image-288\"><\/div>\n<div class=\"group-content\"><h2 class=\"wp-block-heading is-style-background-blue is-style-background-blue--3\">Parcelas para autocaravanas<\/h2><div class=\"wp-block-buttons is-content-justification-center is-layout-flex wp-container-core-buttons-is-layout-a89b3969 wp-block-buttons-is-layout-flex\">\n<div class=\"wp-block-button is-style-button-orange is-style-button-orange--4\"><a class=\"wp-block-button__link wp-element-button\" href=\"https:\/\/www.camping-ecrins.com\/\/les-emplacements\/reservations-emplacements\/\" target=\"_blank\" rel=\"noreferrer noopener\">Solicitud de reserva<\/a><\/div>\n<\/div><\/div>\n\n\n\n\n<\/div><\/div>\n\n<h2 class=\"wp-block-heading alignwide\">Parcelas sombreadas delimitadas por setos<\/h2>\n\n<div class=\"wp-block-ws-library-ws-columns alignwide has-2-columns are-vertically-aligned-center layout-5050\">\n<div class=\"wp-block-ws-library-ws-column\"><div class=\"wrapper\">\n<div class=\"wp-block-ws-library-ws-image\"><div class=\"wrapper\"><div class=\"group-media\"><img decoding=\"async\" src=\"https:\/\/www.camping-ecrins.com\/\/wp-content\/uploads\/2026\/02\/67fa0dd1-22be-40db-97f7-921ad84cf6d3-960x640.jpg\" alt=\"\" class=\"single_image ws-image-287\"><div class=\"credits\"><\/div><\/div><p class=\"caption\"><\/p><\/div><\/div>\n<\/div><\/div>\n\n\n\n<div class=\"wp-block-ws-library-ws-column\"><div class=\"wrapper\">\n<div class=\"wp-block-ws-library-ws-image\"><div class=\"wrapper\"><div class=\"group-media\"><img decoding=\"async\" src=\"https:\/\/www.camping-ecrins.com\/\/wp-content\/uploads\/2026\/02\/4c1a45cc-ee22-46bc-8796-fa0979cb25ec-960x640.jpg\" alt=\"\" class=\"single_image ws-image-285\"><div class=\"credits\"><\/div><\/div><p class=\"caption\"><\/p><\/div><\/div>\n<\/div><\/div>\n<\/div>\n\n<div class=\"wp-block-group alignwide has-global-padding is-layout-constrained wp-block-group-is-layout-constrained\">\n<h2 class=\"wp-block-heading alignwide\">Libro<\/h2>\n\n\n\n\n\n<\/div>\n\n<div class=\"wp-block-ws-library-ws-share\"><span class=\"share-subtitle\">\u00bfTe ha gustado esta p\u00e1gina?<\/span><span class=\"share-title\">\u00a1Comp\u00e1rtelo!<\/span><button class=\"ws-share-button wp-element-button\">Comparte esta p\u00e1gina<\/button><\/div>\n","protected":false},"excerpt":{"rendered":"<p>Parcelas sombreadas delimitadas por setos Libro<\/p>\n","protected":false},"author":1,"featured_media":560,"parent":0,"menu_order":0,"comment_status":"closed","ping_status":"closed","template":"","meta":{"footnotes":""},"class_list":["post-568","page","type-page","status-publish","has-post-thumbnail","hentry"],"yoast_head":"<!-- This site is optimized with the Yoast SEO plugin v27.5 - https:\/\/yoast.com\/product\/yoast-seo-wordpress\/ -->\n<title>Localizaciones - Camping Les 6 Stations | Saint-Jean-Saint-Nicolas<\/title>\n<meta name=\"robots\" content=\"index, follow, max-snippet:-1, max-image-preview:large, max-video-preview:-1\" \/>\n<link rel=\"canonical\" href=\"https:\/\/www.camping-ecrins.com\/es\/localizaciones\/\" \/>\n<meta property=\"og:locale\" content=\"es_ES\" \/>\n<meta property=\"og:type\" content=\"article\" \/>\n<meta property=\"og:title\" content=\"Localizaciones - Camping Les 6 Stations | Saint-Jean-Saint-Nicolas\" \/>\n<meta property=\"og:description\" content=\"Parcelas sombreadas delimitadas por setos Libro\" \/>\n<meta property=\"og:url\" content=\"https:\/\/www.camping-ecrins.com\/es\/localizaciones\/\" \/>\n<meta property=\"og:site_name\" content=\"Camping Les 6 Stations | Saint-Jean-Saint-Nicolas\" \/>\n<meta property=\"article:publisher\" content=\"https:\/\/www.facebook.com\/les6stations\/\" \/>\n<meta property=\"article:modified_time\" content=\"2026-03-17T09:25:33+00:00\" \/>\n<meta property=\"og:image\" content=\"https:\/\/www.camping-ecrins.com\/wp-content\/uploads\/2025\/12\/1491967-1024x770.jpg\" \/>\n\t<meta property=\"og:image:width\" content=\"1024\" \/>\n\t<meta property=\"og:image:height\" content=\"770\" \/>\n\t<meta property=\"og:image:type\" content=\"image\/jpeg\" \/>\n<meta name=\"twitter:card\" content=\"summary_large_image\" \/>\n<script type=\"application\/ld+json\" class=\"yoast-schema-graph\">{\"@context\":\"https:\\\/\\\/schema.org\",\"@graph\":[{\"@type\":\"WebPage\",\"@id\":\"https:\\\/\\\/www.camping-ecrins.com\\\/es\\\/localizaciones\\\/\",\"url\":\"https:\\\/\\\/www.camping-ecrins.com\\\/es\\\/localizaciones\\\/\",\"name\":\"Localizaciones - Camping Les 6 Stations | Saint-Jean-Saint-Nicolas\",\"isPartOf\":{\"@id\":\"https:\\\/\\\/www.camping-ecrins.com\\\/es\\\/#website\"},\"primaryImageOfPage\":{\"@id\":\"https:\\\/\\\/www.camping-ecrins.com\\\/es\\\/localizaciones\\\/#primaryimage\"},\"image\":{\"@id\":\"https:\\\/\\\/www.camping-ecrins.com\\\/es\\\/localizaciones\\\/#primaryimage\"},\"thumbnailUrl\":\"https:\\\/\\\/www.camping-ecrins.com\\\/wp-content\\\/uploads\\\/2025\\\/12\\\/1491967.jpg\",\"datePublished\":\"2025-12-09T13:39:57+00:00\",\"dateModified\":\"2026-03-17T09:25:33+00:00\",\"breadcrumb\":{\"@id\":\"https:\\\/\\\/www.camping-ecrins.com\\\/es\\\/localizaciones\\\/#breadcrumb\"},\"inLanguage\":\"es\",\"potentialAction\":[{\"@type\":\"ReadAction\",\"target\":[\"https:\\\/\\\/www.camping-ecrins.com\\\/es\\\/localizaciones\\\/\"]}]},{\"@type\":\"ImageObject\",\"inLanguage\":\"es\",\"@id\":\"https:\\\/\\\/www.camping-ecrins.com\\\/es\\\/localizaciones\\\/#primaryimage\",\"url\":\"https:\\\/\\\/www.camping-ecrins.com\\\/wp-content\\\/uploads\\\/2025\\\/12\\\/1491967.jpg\",\"contentUrl\":\"https:\\\/\\\/www.camping-ecrins.com\\\/wp-content\\\/uploads\\\/2025\\\/12\\\/1491967.jpg\",\"width\":1796,\"height\":1350,\"caption\":\"Vista del camping Les 6 Stations en Saint-Jean-Saint-Nicolas\"},{\"@type\":\"BreadcrumbList\",\"@id\":\"https:\\\/\\\/www.camping-ecrins.com\\\/es\\\/localizaciones\\\/#breadcrumb\",\"itemListElement\":[{\"@type\":\"ListItem\",\"position\":1,\"name\":\"Accueil\",\"item\":\"https:\\\/\\\/www.camping-ecrins.com\\\/es\\\/\"},{\"@type\":\"ListItem\",\"position\":2,\"name\":\"Localizaciones\"}]},{\"@type\":\"WebSite\",\"@id\":\"https:\\\/\\\/www.camping-ecrins.com\\\/es\\\/#website\",\"url\":\"https:\\\/\\\/www.camping-ecrins.com\\\/es\\\/\",\"name\":\"Camping Les 6 Stations | Saint-Jean-Saint-Nicolas\",\"description\":\"\",\"publisher\":{\"@id\":\"https:\\\/\\\/www.camping-ecrins.com\\\/es\\\/#organization\"},\"potentialAction\":[{\"@type\":\"SearchAction\",\"target\":{\"@type\":\"EntryPoint\",\"urlTemplate\":\"https:\\\/\\\/www.camping-ecrins.com\\\/es\\\/?s={search_term_string}\"},\"query-input\":{\"@type\":\"PropertyValueSpecification\",\"valueRequired\":true,\"valueName\":\"search_term_string\"}}],\"inLanguage\":\"es\"},{\"@type\":\"Organization\",\"@id\":\"https:\\\/\\\/www.camping-ecrins.com\\\/es\\\/#organization\",\"name\":\"Camping Les 6 Stations | Saint-Jean-Saint-Nicolas\",\"url\":\"https:\\\/\\\/www.camping-ecrins.com\\\/es\\\/\",\"logo\":{\"@type\":\"ImageObject\",\"inLanguage\":\"es\",\"@id\":\"https:\\\/\\\/www.camping-ecrins.com\\\/es\\\/#\\\/schema\\\/logo\\\/image\\\/\",\"url\":\"https:\\\/\\\/www.camping-ecrins.com\\\/wp-content\\\/uploads\\\/2025\\\/12\\\/logo-couleur-camping-ecrins.svg\",\"contentUrl\":\"https:\\\/\\\/www.camping-ecrins.com\\\/wp-content\\\/uploads\\\/2025\\\/12\\\/logo-couleur-camping-ecrins.svg\",\"caption\":\"Camping Les 6 Stations | Saint-Jean-Saint-Nicolas\"},\"image\":{\"@id\":\"https:\\\/\\\/www.camping-ecrins.com\\\/es\\\/#\\\/schema\\\/logo\\\/image\\\/\"},\"sameAs\":[\"https:\\\/\\\/www.facebook.com\\\/les6stations\\\/\",\"https:\\\/\\\/www.instagram.com\\\/campingles6stations\\\/\"],\"aggregateRating\":{\"@type\":\"AggregateRating\",\"ratingValue\":4.6,\"reviewCount\":175,\"bestRating\":5,\"worstRating\":1}}]}<\/script>\n<!-- \/ Yoast SEO plugin. -->","yoast_head_json":{"title":"Localizaciones - Camping Les 6 Stations | Saint-Jean-Saint-Nicolas","robots":{"index":"index","follow":"follow","max-snippet":"max-snippet:-1","max-image-preview":"max-image-preview:large","max-video-preview":"max-video-preview:-1"},"canonical":"https:\/\/www.camping-ecrins.com\/es\/localizaciones\/","og_locale":"es_ES","og_type":"article","og_title":"Localizaciones - Camping Les 6 Stations | Saint-Jean-Saint-Nicolas","og_description":"Parcelas sombreadas delimitadas por setos Libro","og_url":"https:\/\/www.camping-ecrins.com\/es\/localizaciones\/","og_site_name":"Camping Les 6 Stations | Saint-Jean-Saint-Nicolas","article_publisher":"https:\/\/www.facebook.com\/les6stations\/","article_modified_time":"2026-03-17T09:25:33+00:00","og_image":[{"width":1024,"height":770,"url":"https:\/\/www.camping-ecrins.com\/wp-content\/uploads\/2025\/12\/1491967-1024x770.jpg","type":"image\/jpeg"}],"twitter_card":"summary_large_image","schema":{"@context":"https:\/\/schema.org","@graph":[{"@type":"WebPage","@id":"https:\/\/www.camping-ecrins.com\/es\/localizaciones\/","url":"https:\/\/www.camping-ecrins.com\/es\/localizaciones\/","name":"Localizaciones - Camping Les 6 Stations | Saint-Jean-Saint-Nicolas","isPartOf":{"@id":"https:\/\/www.camping-ecrins.com\/es\/#website"},"primaryImageOfPage":{"@id":"https:\/\/www.camping-ecrins.com\/es\/localizaciones\/#primaryimage"},"image":{"@id":"https:\/\/www.camping-ecrins.com\/es\/localizaciones\/#primaryimage"},"thumbnailUrl":"https:\/\/www.camping-ecrins.com\/wp-content\/uploads\/2025\/12\/1491967.jpg","datePublished":"2025-12-09T13:39:57+00:00","dateModified":"2026-03-17T09:25:33+00:00","breadcrumb":{"@id":"https:\/\/www.camping-ecrins.com\/es\/localizaciones\/#breadcrumb"},"inLanguage":"es","potentialAction":[{"@type":"ReadAction","target":["https:\/\/www.camping-ecrins.com\/es\/localizaciones\/"]}]},{"@type":"ImageObject","inLanguage":"es","@id":"https:\/\/www.camping-ecrins.com\/es\/localizaciones\/#primaryimage","url":"https:\/\/www.camping-ecrins.com\/wp-content\/uploads\/2025\/12\/1491967.jpg","contentUrl":"https:\/\/www.camping-ecrins.com\/wp-content\/uploads\/2025\/12\/1491967.jpg","width":1796,"height":1350,"caption":"Vista del camping Les 6 Stations en Saint-Jean-Saint-Nicolas"},{"@type":"BreadcrumbList","@id":"https:\/\/www.camping-ecrins.com\/es\/localizaciones\/#breadcrumb","itemListElement":[{"@type":"ListItem","position":1,"name":"Accueil","item":"https:\/\/www.camping-ecrins.com\/es\/"},{"@type":"ListItem","position":2,"name":"Localizaciones"}]},{"@type":"WebSite","@id":"https:\/\/www.camping-ecrins.com\/es\/#website","url":"https:\/\/www.camping-ecrins.com\/es\/","name":"Camping Les 6 Stations | Saint-Jean-Saint-Nicolas","description":"","publisher":{"@id":"https:\/\/www.camping-ecrins.com\/es\/#organization"},"potentialAction":[{"@type":"SearchAction","target":{"@type":"EntryPoint","urlTemplate":"https:\/\/www.camping-ecrins.com\/es\/?s={search_term_string}"},"query-input":{"@type":"PropertyValueSpecification","valueRequired":true,"valueName":"search_term_string"}}],"inLanguage":"es"},{"@type":"Organization","@id":"https:\/\/www.camping-ecrins.com\/es\/#organization","name":"Camping Les 6 Stations | Saint-Jean-Saint-Nicolas","url":"https:\/\/www.camping-ecrins.com\/es\/","logo":{"@type":"ImageObject","inLanguage":"es","@id":"https:\/\/www.camping-ecrins.com\/es\/#\/schema\/logo\/image\/","url":"https:\/\/www.camping-ecrins.com\/wp-content\/uploads\/2025\/12\/logo-couleur-camping-ecrins.svg","contentUrl":"https:\/\/www.camping-ecrins.com\/wp-content\/uploads\/2025\/12\/logo-couleur-camping-ecrins.svg","caption":"Camping Les 6 Stations | Saint-Jean-Saint-Nicolas"},"image":{"@id":"https:\/\/www.camping-ecrins.com\/es\/#\/schema\/logo\/image\/"},"sameAs":["https:\/\/www.facebook.com\/les6stations\/","https:\/\/www.instagram.com\/campingles6stations\/"],"aggregateRating":{"@type":"AggregateRating","ratingValue":4.6,"reviewCount":175,"bestRating":5,"worstRating":1}}]}},"_links":{"self":[{"href":"https:\/\/www.camping-ecrins.com\/es\/wp-json\/wp\/v2\/pages\/568","targetHints":{"allow":["GET"]}}],"collection":[{"href":"https:\/\/www.camping-ecrins.com\/es\/wp-json\/wp\/v2\/pages"}],"about":[{"href":"https:\/\/www.camping-ecrins.com\/es\/wp-json\/wp\/v2\/types\/page"}],"author":[{"embeddable":true,"href":"https:\/\/www.camping-ecrins.com\/es\/wp-json\/wp\/v2\/users\/1"}],"replies":[{"embeddable":true,"href":"https:\/\/www.camping-ecrins.com\/es\/wp-json\/wp\/v2\/comments?post=568"}],"version-history":[{"count":0,"href":"https:\/\/www.camping-ecrins.com\/es\/wp-json\/wp\/v2\/pages\/568\/revisions"}],"wp:featuredmedia":[{"embeddable":true,"href":"https:\/\/www.camping-ecrins.com\/es\/wp-json\/wp\/v2\/media\/560"}],"wp:attachment":[{"href":"https:\/\/www.camping-ecrins.com\/es\/wp-json\/wp\/v2\/media?parent=568"}],"curies":[{"name":"wp","href":"https:\/\/api.w.org\/{rel}","templated":true}]}}