{"id":148,"date":"2025-12-08T14:52:34","date_gmt":"2025-12-08T13:52:34","guid":{"rendered":"https:\/\/www.camping-ecrins.com\/\/informazioni-legali-e-crediti\/"},"modified":"2026-01-26T14:44:10","modified_gmt":"2026-01-26T13:44:10","slug":"informazioni-legali-e-crediti","status":"publish","type":"page","link":"https:\/\/www.camping-ecrins.com\/it\/informazioni-legali-e-crediti\/","title":{"rendered":"Informazioni legali e crediti"},"content":{"rendered":"\n<div class=\"wp-block-columns is-layout-flex wp-container-core-columns-is-layout-6c531013 wp-block-columns-is-layout-flex\">\n<div class=\"wp-block-column is-layout-flow wp-block-column-is-layout-flow\">\n<p>Il sito [URL DEL SITO] \u00e8 di propriet\u00e0 di : <strong>[STRUTTURA]<\/strong> <br\/> <br\/>[INDIRIZZO]  <br\/><span class=\"postal-code\">[CODICE POSTALE]<\/span> <span class=\"locality\">[CITTA&#8217;]<\/span>, <span class=\"country-name sr-only\">Francia<\/span> <br\/><a title=\"Telefono\" class=\"tel\" href=\"tel:+334XXXXXXXX\">[XX XX XX XX XX] + [MODIFICA LINK].<\/a> <br\/><a class=\"email\" href=\"mailto:%5BEMAIL%5D\">[EMAIL] + [MODIFICA LINK]<\/a> <br\/><a href=\"https:\/\/www.openyourmap.link\/?q=\" target=\"_blank\" rel=\"noopener nofollow external\">Vedi sulla mappa [MODIFICA LINK]<\/a> <br\/>Stato giuridico della societ\u00e0: [STATUS] <br\/>SIREN : [SIREN] <br\/>TVA Intracommunautaire : [TVA] <br\/>Capitale sociale: [CAPITALE]<\/p>\n<\/div>\n\n\n\n<div class=\"wp-block-column is-layout-flow wp-block-column-is-layout-flow\">\n<h2 class=\"wp-block-heading\">Responsabile della redazione<\/h2>\n\n\n\n<p>[DIRETTORE EDITORIALE]<\/p>\n\n\n\n<h2 class=\"wp-block-heading\">Responsabile della pubblicazione<\/h2>\n\n\n\n<p>[RESPONSABILE DELLA PUBBLICAZIONE]<\/p>\n<\/div>\n<\/div>\n\n<div class=\"wp-block-group has-global-padding is-layout-constrained wp-block-group-is-layout-constrained\">\n<div class=\"wp-block-columns is-layout-flex wp-container-core-columns-is-layout-6c531013 wp-block-columns-is-layout-flex\">\n<div class=\"wp-block-column is-layout-flow wp-block-column-is-layout-flow\">\n<h2 class=\"wp-block-heading\">WebDesign<\/h2>\n\n\n\n<p>L&#8217;UI\/UX Design e l&#8217;integrazione del CSS sono stati realizzati dall&#8217;<a title=\"Agence WebSenso - UX design webdesign\" href=\"https:\/\/www.websenso.com\/expertises\/ux-design\" target=\"_blank\" rel=\"noopener\">agenzia WebSenso<\/a> sulla base degli elementi forniti (logo, carta grafica, ecc.).<\/p>\n<\/div>\n\n\n\n<div class=\"wp-block-column is-layout-flow wp-block-column-is-layout-flow\">\n<h2 class=\"wp-block-heading\">Sviluppo<\/h2>\n\n\n\n<p>Questo progetto web \u00e8 stato realizzato dall&#8217;<a title=\"WebSenso Agency - Sviluppo di applicazioni WordPress\" href=\"https:\/\/www.websenso.com\" target=\"_blank\" rel=\"noopener\">agenzia WebSenso<\/a> sul CMS WordPress: impostazioni, plugin, tema, ecc.<\/p>\n<\/div>\n<\/div>\n\n\n\n<div class=\"wp-block-group has-global-padding is-layout-constrained wp-block-group-is-layout-constrained\">\n<div class=\"wp-block-column is-layout-flow wp-block-column-is-layout-flow\">\n<div class=\"wp-block-columns is-layout-flex wp-container-core-columns-is-layout-6c531013 wp-block-columns-is-layout-flex\">\n<div class=\"wp-block-column is-layout-flow wp-block-column-is-layout-flow\">\n<h2 class=\"wp-block-heading\">Manutenzione<\/h2>\n\n\n\n<p><a href=\"https:\/\/www.websenso.com\/expertises\/wordpress\" target=\"_blank\" rel=\"noopener\">WordPress TMA<\/a> (Third Party Application Maintenance) \u00e8 gestito dall&#8217;<a href=\"https:\/\/www.websenso.com\" target=\"_blank\" rel=\"noopener\">agenzia WebSenso<\/a>.<\/p>\n<\/div>\n\n\n\n<div class=\"wp-block-column is-layout-flow wp-block-column-is-layout-flow\">\n<h2 class=\"wp-block-heading\">Hosting<\/h2>\n\n\n\n<p>Questo servizio \u00e8 fisicamente ospitato in Francia in un data center OVHCloud.<\/p>\n<\/div>\n<\/div>\n<\/div>\n<\/div>\n\n\n\n<h2 class=\"wp-block-heading\">Propriet\u00e0 intellettuale<\/h2>\n\n\n\n<p>La nostra entit\u00e0 \u00e8 proprietaria dei diritti di propriet\u00e0 intellettuale o detiene i diritti di utilizzo di tutti gli elementi accessibili sul sito, in particolare testi, immagini, grafici, loghi, ecc. Prima di copiare, adattare o citare questi contenuti, ti preghiamo di ottenere un&#8217;autorizzazione scritta. <\/p>\n\n\n\n<h2 class=\"wp-block-heading\">Collegamenti ipertestuali<\/h2>\n\n\n\n<p>Durante la tua navigazione, ti imbatterai in diversi collegamenti ipertestuali ad altri siti web. Il nostro ente non ha la possibilit\u00e0 di controllare il contenuto di questi siti e di conseguenza non si assume alcuna responsabilit\u00e0 al riguardo. <\/p>\n\n\n\n<h2 class=\"wp-block-heading\">Biscotti<\/h2>\n\n\n\n<p>La navigazione in questo sito provoca l&#8217;installazione di piccoli file chiamati <a href=\"https:\/\/fr.wikipedia.org\/wiki\/Cookie_(informatique)\" target=\"_blank\" rel=\"nofollow noopener external\">cookie<\/a> nel browser dell&#8217;utente. Sono gradevoli e non occupano molto spazio. Tuttavia, il rifiuto di installare un cookie pu\u00f2 tecnicamente bloccare l&#8217;accesso ad alcuni servizi e ridurre la nostra capacit\u00e0 di migliorare l&#8217;esperienza di navigazione. Di seguito \u00e8 riportato l&#8217;elenco dei cookie utilizzati.   <\/p>\n\n\n\n        \n        <div class=\"table-responsive\">\n            <table class=\"table cookie-tracker-table\">\n                <thead>\n                    <tr>\n                        <th>Outil<\/th>\n                        <th>Fonctionnalit\u00e9<\/th>\n                        <th>Fichier(s)<\/th>\n                        <th>Dur\u00e9e de vie<\/th>\n                        <th>IP collect\u00e9e<\/th>\n                        <th><a href=\"https:\/\/www.eff.org\/issues\/do-not-track\" target=\"_blank\">DNT<\/a> respect\u00e9<\/th>\n                    <\/tr>\n                <\/thead>\n                <tbody>\n                    <tr>\n                        <td><strong>Ce site uniquement<\/strong> <br \/>CMS WordPress<\/td>\n                        <td>G\u00e8re les sessions utilisateur, la d\u00e9tection de JavaScript, et la persistance de la connexion.<\/td>\n                        <td>has_js<br \/>wordpress_logged_in_*<\/td>\n                        <td>Expire \u00e0 la fermeture du navigateur.<\/td>\n                        <td>-<\/td>\n                        <td>-<\/td>\n                    <\/tr>\n\n                                            <tr>\n                            <td><strong>Matomo<\/strong> <br \/>H\u00e9berg\u00e9 en France<\/td>\n                            <td>Votre navigation est mesur\u00e9e par la solution Matomo. H\u00e9berg\u00e9e sur des serveurs en France (<a href=\"https:\/\/www.websenso.com\/analytics\" target=\"_blank\">https:\/\/www.websenso.com\/analytics<\/a>), ce logiciel est configur\u00e9 avec les param\u00e8tres stricts du respect de la vie priv\u00e9.<\/td>\n                            <td> Aucun<\/td>\n                            <td>-<\/td>\n                            <td>\n                                <div style=\"color: green;\">\ud83d\ude0e R\u00e9duite<\/div>\n                                <small>IP (2 octets masqu\u00e9s)\u00a0: 216.73.xxx.xxx<\/small>\n                            <\/td>\n                            <td>\n                                -                            <\/td>\n                        <\/tr>\n                    \n                                    <\/tbody>\n            <\/table>\n        <\/div>\n\n\n\n\n\n<h2 class=\"wp-block-heading\">Gestione dei dati personali<\/h2>\n\n\n\n<p>Quando navighi su questo sito, possono essere raccolte informazioni: origine, fornitore di accesso, indirizzo IP, ecc. Il sito raccoglie informazioni personali ai fini di alcuni servizi offerti da questo sito, vedi sopra. I visitatori hanno il diritto di accedere, rettificare e opporsi ai propri dati personali inviando una richiesta scritta all&#8217;indirizzo sopra indicato.  <\/p>\n\n\n\n<h2 class=\"wp-block-heading\">Legge applicabile e giurisdizione<\/h2>\n\n\n\n<p>Qualsiasi controversia relativa all&#8217;utilizzo di questo sito \u00e8 soggetta alla legge francese e alla lingua di Moli\u00e8re. Cocorico! <\/p>\n\n\n\n<h2 class=\"wp-block-heading\">Sei ancora qui?<\/h2>\n\n\n\n<p>Congratulazioni! Perch\u00e9 questa pagina \u00e8 sicuramente la meno interessante di questo sito \ud83d\ude09 <\/p>\n<\/div>\n","protected":false},"excerpt":{"rendered":"<p>Il sito [URL DEL SITO] \u00e8 di propriet\u00e0 di : [STRUTTURA] [INDIRIZZO] [CODICE POSTALE] [CITTA&#8217;], Francia [XX XX XX XX XX] + [MODIFICA LINK]. [EMAIL] + [MODIFICA LINK] Vedi sulla mappa [MODIFICA LINK] Stato giuridico della societ\u00e0: [STATUS] SIREN : [SIREN] TVA Intracommunautaire : [TVA] Capitale sociale: [CAPITALE] Responsabile della redazione [DIRETTORE EDITORIALE] Responsabile della [&hellip;]<\/p>\n","protected":false},"author":1,"featured_media":369,"parent":0,"menu_order":0,"comment_status":"closed","ping_status":"closed","template":"","meta":{"footnotes":""},"class_list":["post-148","page","type-page","status-publish","has-post-thumbnail","hentry"],"yoast_head":"<!-- This site is optimized with the Yoast SEO plugin v27.5 - https:\/\/yoast.com\/product\/yoast-seo-wordpress\/ -->\n<title>Informazioni legali e crediti - Camping Les 6 Stations | Saint-Jean-Saint-Nicolas<\/title>\n<meta name=\"robots\" content=\"index, follow, max-snippet:-1, max-image-preview:large, max-video-preview:-1\" \/>\n<link rel=\"canonical\" href=\"https:\/\/www.camping-ecrins.com\/it\/informazioni-legali-e-crediti\/\" \/>\n<meta property=\"og:locale\" content=\"it_IT\" \/>\n<meta property=\"og:type\" content=\"article\" \/>\n<meta property=\"og:title\" content=\"Informazioni legali e crediti - Camping Les 6 Stations | Saint-Jean-Saint-Nicolas\" \/>\n<meta property=\"og:description\" content=\"Il sito [URL DEL SITO] \u00e8 di propriet\u00e0 di : [STRUTTURA] [INDIRIZZO] [CODICE POSTALE] [CITTA&#8217;], Francia [XX XX XX XX XX] + [MODIFICA LINK]. [EMAIL] + [MODIFICA LINK] Vedi sulla mappa [MODIFICA LINK] Stato giuridico della societ\u00e0: [STATUS] SIREN : [SIREN] TVA Intracommunautaire : [TVA] Capitale sociale: [CAPITALE] Responsabile della redazione [DIRETTORE EDITORIALE] Responsabile della [&hellip;]\" \/>\n<meta property=\"og:url\" content=\"https:\/\/www.camping-ecrins.com\/it\/informazioni-legali-e-crediti\/\" \/>\n<meta property=\"og:site_name\" content=\"Camping Les 6 Stations | Saint-Jean-Saint-Nicolas\" \/>\n<meta property=\"article:publisher\" content=\"https:\/\/www.facebook.com\/les6stations\/\" \/>\n<meta property=\"article:modified_time\" content=\"2026-01-26T13:44:10+00:00\" \/>\n<meta property=\"og:image\" content=\"https:\/\/www.camping-ecrins.com\/wp-content\/uploads\/2026\/02\/beea2918-3932-457e-bcbd-c6e2f15ebef1.jpg\" \/>\n\t<meta property=\"og:image:width\" content=\"1600\" \/>\n\t<meta property=\"og:image:height\" content=\"1200\" \/>\n\t<meta property=\"og:image:type\" content=\"image\/jpeg\" \/>\n<meta name=\"twitter:card\" content=\"summary_large_image\" \/>\n<meta name=\"twitter:label1\" content=\"Tempo di lettura stimato\" \/>\n\t<meta name=\"twitter:data1\" content=\"2 minuti\" \/>\n<script type=\"application\/ld+json\" class=\"yoast-schema-graph\">{\"@context\":\"https:\\\/\\\/schema.org\",\"@graph\":[{\"@type\":\"WebPage\",\"@id\":\"https:\\\/\\\/www.camping-ecrins.com\\\/it\\\/informazioni-legali-e-crediti\\\/\",\"url\":\"https:\\\/\\\/www.camping-ecrins.com\\\/it\\\/informazioni-legali-e-crediti\\\/\",\"name\":\"Informazioni legali e crediti - Camping Les 6 Stations | Saint-Jean-Saint-Nicolas\",\"isPartOf\":{\"@id\":\"https:\\\/\\\/www.camping-ecrins.com\\\/it\\\/#website\"},\"primaryImageOfPage\":{\"@id\":\"https:\\\/\\\/www.camping-ecrins.com\\\/it\\\/informazioni-legali-e-crediti\\\/#primaryimage\"},\"image\":{\"@id\":\"https:\\\/\\\/www.camping-ecrins.com\\\/it\\\/informazioni-legali-e-crediti\\\/#primaryimage\"},\"thumbnailUrl\":\"https:\\\/\\\/www.camping-ecrins.com\\\/wp-content\\\/uploads\\\/2026\\\/02\\\/beea2918-3932-457e-bcbd-c6e2f15ebef1.jpg\",\"datePublished\":\"2025-12-08T13:52:34+00:00\",\"dateModified\":\"2026-01-26T13:44:10+00:00\",\"breadcrumb\":{\"@id\":\"https:\\\/\\\/www.camping-ecrins.com\\\/it\\\/informazioni-legali-e-crediti\\\/#breadcrumb\"},\"inLanguage\":\"it-IT\",\"potentialAction\":[{\"@type\":\"ReadAction\",\"target\":[\"https:\\\/\\\/www.camping-ecrins.com\\\/it\\\/informazioni-legali-e-crediti\\\/\"]}]},{\"@type\":\"ImageObject\",\"inLanguage\":\"it-IT\",\"@id\":\"https:\\\/\\\/www.camping-ecrins.com\\\/it\\\/informazioni-legali-e-crediti\\\/#primaryimage\",\"url\":\"https:\\\/\\\/www.camping-ecrins.com\\\/wp-content\\\/uploads\\\/2026\\\/02\\\/beea2918-3932-457e-bcbd-c6e2f15ebef1.jpg\",\"contentUrl\":\"https:\\\/\\\/www.camping-ecrins.com\\\/wp-content\\\/uploads\\\/2026\\\/02\\\/beea2918-3932-457e-bcbd-c6e2f15ebef1.jpg\",\"width\":1600,\"height\":1200},{\"@type\":\"BreadcrumbList\",\"@id\":\"https:\\\/\\\/www.camping-ecrins.com\\\/it\\\/informazioni-legali-e-crediti\\\/#breadcrumb\",\"itemListElement\":[{\"@type\":\"ListItem\",\"position\":1,\"name\":\"Home\",\"item\":\"https:\\\/\\\/www.camping-ecrins.com\\\/it\\\/\"},{\"@type\":\"ListItem\",\"position\":2,\"name\":\"Informazioni legali e crediti\"}]},{\"@type\":\"WebSite\",\"@id\":\"https:\\\/\\\/www.camping-ecrins.com\\\/it\\\/#website\",\"url\":\"https:\\\/\\\/www.camping-ecrins.com\\\/it\\\/\",\"name\":\"Camping Les 6 Stations | Saint-Jean-Saint-Nicolas\",\"description\":\"\",\"publisher\":{\"@id\":\"https:\\\/\\\/www.camping-ecrins.com\\\/it\\\/#organization\"},\"potentialAction\":[{\"@type\":\"SearchAction\",\"target\":{\"@type\":\"EntryPoint\",\"urlTemplate\":\"https:\\\/\\\/www.camping-ecrins.com\\\/it\\\/?s={search_term_string}\"},\"query-input\":{\"@type\":\"PropertyValueSpecification\",\"valueRequired\":true,\"valueName\":\"search_term_string\"}}],\"inLanguage\":\"it-IT\"},{\"@type\":\"Organization\",\"@id\":\"https:\\\/\\\/www.camping-ecrins.com\\\/it\\\/#organization\",\"name\":\"Camping Les 6 Stations | Saint-Jean-Saint-Nicolas\",\"url\":\"https:\\\/\\\/www.camping-ecrins.com\\\/it\\\/\",\"logo\":{\"@type\":\"ImageObject\",\"inLanguage\":\"it-IT\",\"@id\":\"https:\\\/\\\/www.camping-ecrins.com\\\/it\\\/#\\\/schema\\\/logo\\\/image\\\/\",\"url\":\"https:\\\/\\\/www.camping-ecrins.com\\\/wp-content\\\/uploads\\\/2025\\\/12\\\/logo-couleur-camping-ecrins.svg\",\"contentUrl\":\"https:\\\/\\\/www.camping-ecrins.com\\\/wp-content\\\/uploads\\\/2025\\\/12\\\/logo-couleur-camping-ecrins.svg\",\"caption\":\"Camping Les 6 Stations | Saint-Jean-Saint-Nicolas\"},\"image\":{\"@id\":\"https:\\\/\\\/www.camping-ecrins.com\\\/it\\\/#\\\/schema\\\/logo\\\/image\\\/\"},\"sameAs\":[\"https:\\\/\\\/www.facebook.com\\\/les6stations\\\/\",\"https:\\\/\\\/www.instagram.com\\\/campingles6stations\\\/\"],\"aggregateRating\":{\"@type\":\"AggregateRating\",\"ratingValue\":4.6,\"reviewCount\":175,\"bestRating\":5,\"worstRating\":1}}]}<\/script>\n<!-- \/ Yoast SEO plugin. -->","yoast_head_json":{"title":"Informazioni legali e crediti - Camping Les 6 Stations | Saint-Jean-Saint-Nicolas","robots":{"index":"index","follow":"follow","max-snippet":"max-snippet:-1","max-image-preview":"max-image-preview:large","max-video-preview":"max-video-preview:-1"},"canonical":"https:\/\/www.camping-ecrins.com\/it\/informazioni-legali-e-crediti\/","og_locale":"it_IT","og_type":"article","og_title":"Informazioni legali e crediti - Camping Les 6 Stations | Saint-Jean-Saint-Nicolas","og_description":"Il sito [URL DEL SITO] \u00e8 di propriet\u00e0 di : [STRUTTURA] [INDIRIZZO] [CODICE POSTALE] [CITTA&#8217;], Francia [XX XX XX XX XX] + [MODIFICA LINK]. [EMAIL] + [MODIFICA LINK] Vedi sulla mappa [MODIFICA LINK] Stato giuridico della societ\u00e0: [STATUS] SIREN : [SIREN] TVA Intracommunautaire : [TVA] Capitale sociale: [CAPITALE] Responsabile della redazione [DIRETTORE EDITORIALE] Responsabile della [&hellip;]","og_url":"https:\/\/www.camping-ecrins.com\/it\/informazioni-legali-e-crediti\/","og_site_name":"Camping Les 6 Stations | Saint-Jean-Saint-Nicolas","article_publisher":"https:\/\/www.facebook.com\/les6stations\/","article_modified_time":"2026-01-26T13:44:10+00:00","og_image":[{"width":1600,"height":1200,"url":"https:\/\/www.camping-ecrins.com\/wp-content\/uploads\/2026\/02\/beea2918-3932-457e-bcbd-c6e2f15ebef1.jpg","type":"image\/jpeg"}],"twitter_card":"summary_large_image","twitter_misc":{"Tempo di lettura stimato":"2 minuti"},"schema":{"@context":"https:\/\/schema.org","@graph":[{"@type":"WebPage","@id":"https:\/\/www.camping-ecrins.com\/it\/informazioni-legali-e-crediti\/","url":"https:\/\/www.camping-ecrins.com\/it\/informazioni-legali-e-crediti\/","name":"Informazioni legali e crediti - Camping Les 6 Stations | Saint-Jean-Saint-Nicolas","isPartOf":{"@id":"https:\/\/www.camping-ecrins.com\/it\/#website"},"primaryImageOfPage":{"@id":"https:\/\/www.camping-ecrins.com\/it\/informazioni-legali-e-crediti\/#primaryimage"},"image":{"@id":"https:\/\/www.camping-ecrins.com\/it\/informazioni-legali-e-crediti\/#primaryimage"},"thumbnailUrl":"https:\/\/www.camping-ecrins.com\/wp-content\/uploads\/2026\/02\/beea2918-3932-457e-bcbd-c6e2f15ebef1.jpg","datePublished":"2025-12-08T13:52:34+00:00","dateModified":"2026-01-26T13:44:10+00:00","breadcrumb":{"@id":"https:\/\/www.camping-ecrins.com\/it\/informazioni-legali-e-crediti\/#breadcrumb"},"inLanguage":"it-IT","potentialAction":[{"@type":"ReadAction","target":["https:\/\/www.camping-ecrins.com\/it\/informazioni-legali-e-crediti\/"]}]},{"@type":"ImageObject","inLanguage":"it-IT","@id":"https:\/\/www.camping-ecrins.com\/it\/informazioni-legali-e-crediti\/#primaryimage","url":"https:\/\/www.camping-ecrins.com\/wp-content\/uploads\/2026\/02\/beea2918-3932-457e-bcbd-c6e2f15ebef1.jpg","contentUrl":"https:\/\/www.camping-ecrins.com\/wp-content\/uploads\/2026\/02\/beea2918-3932-457e-bcbd-c6e2f15ebef1.jpg","width":1600,"height":1200},{"@type":"BreadcrumbList","@id":"https:\/\/www.camping-ecrins.com\/it\/informazioni-legali-e-crediti\/#breadcrumb","itemListElement":[{"@type":"ListItem","position":1,"name":"Home","item":"https:\/\/www.camping-ecrins.com\/it\/"},{"@type":"ListItem","position":2,"name":"Informazioni legali e crediti"}]},{"@type":"WebSite","@id":"https:\/\/www.camping-ecrins.com\/it\/#website","url":"https:\/\/www.camping-ecrins.com\/it\/","name":"Camping Les 6 Stations | Saint-Jean-Saint-Nicolas","description":"","publisher":{"@id":"https:\/\/www.camping-ecrins.com\/it\/#organization"},"potentialAction":[{"@type":"SearchAction","target":{"@type":"EntryPoint","urlTemplate":"https:\/\/www.camping-ecrins.com\/it\/?s={search_term_string}"},"query-input":{"@type":"PropertyValueSpecification","valueRequired":true,"valueName":"search_term_string"}}],"inLanguage":"it-IT"},{"@type":"Organization","@id":"https:\/\/www.camping-ecrins.com\/it\/#organization","name":"Camping Les 6 Stations | Saint-Jean-Saint-Nicolas","url":"https:\/\/www.camping-ecrins.com\/it\/","logo":{"@type":"ImageObject","inLanguage":"it-IT","@id":"https:\/\/www.camping-ecrins.com\/it\/#\/schema\/logo\/image\/","url":"https:\/\/www.camping-ecrins.com\/wp-content\/uploads\/2025\/12\/logo-couleur-camping-ecrins.svg","contentUrl":"https:\/\/www.camping-ecrins.com\/wp-content\/uploads\/2025\/12\/logo-couleur-camping-ecrins.svg","caption":"Camping Les 6 Stations | Saint-Jean-Saint-Nicolas"},"image":{"@id":"https:\/\/www.camping-ecrins.com\/it\/#\/schema\/logo\/image\/"},"sameAs":["https:\/\/www.facebook.com\/les6stations\/","https:\/\/www.instagram.com\/campingles6stations\/"],"aggregateRating":{"@type":"AggregateRating","ratingValue":4.6,"reviewCount":175,"bestRating":5,"worstRating":1}}]}},"_links":{"self":[{"href":"https:\/\/www.camping-ecrins.com\/it\/wp-json\/wp\/v2\/pages\/148","targetHints":{"allow":["GET"]}}],"collection":[{"href":"https:\/\/www.camping-ecrins.com\/it\/wp-json\/wp\/v2\/pages"}],"about":[{"href":"https:\/\/www.camping-ecrins.com\/it\/wp-json\/wp\/v2\/types\/page"}],"author":[{"embeddable":true,"href":"https:\/\/www.camping-ecrins.com\/it\/wp-json\/wp\/v2\/users\/1"}],"replies":[{"embeddable":true,"href":"https:\/\/www.camping-ecrins.com\/it\/wp-json\/wp\/v2\/comments?post=148"}],"version-history":[{"count":0,"href":"https:\/\/www.camping-ecrins.com\/it\/wp-json\/wp\/v2\/pages\/148\/revisions"}],"wp:featuredmedia":[{"embeddable":true,"href":"https:\/\/www.camping-ecrins.com\/it\/wp-json\/wp\/v2\/media\/369"}],"wp:attachment":[{"href":"https:\/\/www.camping-ecrins.com\/it\/wp-json\/wp\/v2\/media?parent=148"}],"curies":[{"name":"wp","href":"https:\/\/api.w.org\/{rel}","templated":true}]}}