{"id":121,"date":"2026-01-08T14:21:19","date_gmt":"2026-01-08T13:21:19","guid":{"rendered":"https:\/\/www.camping-ecrins.com\/\/verkoopvoorwaarden\/"},"modified":"2026-01-08T14:21:19","modified_gmt":"2026-01-08T13:21:19","slug":"verkoopvoorwaarden","status":"publish","type":"page","link":"https:\/\/www.camping-ecrins.com\/nl\/verkoopvoorwaarden\/","title":{"rendered":"Verkoopvoorwaarden"},"content":{"rendered":"","protected":false},"excerpt":{"rendered":"","protected":false},"author":1,"featured_media":122,"parent":0,"menu_order":0,"comment_status":"closed","ping_status":"closed","template":"","meta":{"footnotes":""},"class_list":["post-121","page","type-page","status-publish","has-post-thumbnail","hentry"],"yoast_head":"<!-- This site is optimized with the Yoast SEO plugin v27.5 - https:\/\/yoast.com\/product\/yoast-seo-wordpress\/ -->\n<title>Verkoopvoorwaarden - Camping Les 6 Stations | Saint-Jean-Saint-Nicolas<\/title>\n<meta name=\"robots\" content=\"index, follow, max-snippet:-1, max-image-preview:large, max-video-preview:-1\" \/>\n<link rel=\"canonical\" href=\"https:\/\/www.camping-ecrins.com\/nl\/verkoopvoorwaarden\/\" \/>\n<meta property=\"og:locale\" content=\"nl_NL\" \/>\n<meta property=\"og:type\" content=\"article\" \/>\n<meta property=\"og:title\" content=\"Verkoopvoorwaarden - Camping Les 6 Stations | Saint-Jean-Saint-Nicolas\" \/>\n<meta property=\"og:url\" content=\"https:\/\/www.camping-ecrins.com\/nl\/verkoopvoorwaarden\/\" \/>\n<meta property=\"og:site_name\" content=\"Camping Les 6 Stations | Saint-Jean-Saint-Nicolas\" \/>\n<meta property=\"article:publisher\" content=\"https:\/\/www.facebook.com\/les6stations\/\" \/>\n<meta property=\"og:image\" content=\"https:\/\/www.camping-ecrins.com\/wp-content\/uploads\/2026\/01\/e7cd9d1c7de5b60fc6f96e6d9f483c4c9ba77f5a-scaled.jpg\" \/>\n\t<meta property=\"og:image:width\" content=\"2560\" \/>\n\t<meta property=\"og:image:height\" content=\"1441\" \/>\n\t<meta property=\"og:image:type\" content=\"image\/jpeg\" \/>\n<meta name=\"twitter:card\" content=\"summary_large_image\" \/>\n<script type=\"application\/ld+json\" class=\"yoast-schema-graph\">{\"@context\":\"https:\\\/\\\/schema.org\",\"@graph\":[{\"@type\":\"WebPage\",\"@id\":\"https:\\\/\\\/www.camping-ecrins.com\\\/nl\\\/verkoopvoorwaarden\\\/\",\"url\":\"https:\\\/\\\/www.camping-ecrins.com\\\/nl\\\/verkoopvoorwaarden\\\/\",\"name\":\"Verkoopvoorwaarden - Camping Les 6 Stations | Saint-Jean-Saint-Nicolas\",\"isPartOf\":{\"@id\":\"https:\\\/\\\/www.camping-ecrins.com\\\/nl\\\/#website\"},\"primaryImageOfPage\":{\"@id\":\"https:\\\/\\\/www.camping-ecrins.com\\\/nl\\\/verkoopvoorwaarden\\\/#primaryimage\"},\"image\":{\"@id\":\"https:\\\/\\\/www.camping-ecrins.com\\\/nl\\\/verkoopvoorwaarden\\\/#primaryimage\"},\"thumbnailUrl\":\"https:\\\/\\\/www.camping-ecrins.com\\\/wp-content\\\/uploads\\\/2026\\\/01\\\/e7cd9d1c7de5b60fc6f96e6d9f483c4c9ba77f5a-scaled.jpg\",\"datePublished\":\"2026-01-08T13:21:19+00:00\",\"breadcrumb\":{\"@id\":\"https:\\\/\\\/www.camping-ecrins.com\\\/nl\\\/verkoopvoorwaarden\\\/#breadcrumb\"},\"inLanguage\":\"nl-NL\",\"potentialAction\":[{\"@type\":\"ReadAction\",\"target\":[\"https:\\\/\\\/www.camping-ecrins.com\\\/nl\\\/verkoopvoorwaarden\\\/\"]}]},{\"@type\":\"ImageObject\",\"inLanguage\":\"nl-NL\",\"@id\":\"https:\\\/\\\/www.camping-ecrins.com\\\/nl\\\/verkoopvoorwaarden\\\/#primaryimage\",\"url\":\"https:\\\/\\\/www.camping-ecrins.com\\\/wp-content\\\/uploads\\\/2026\\\/01\\\/e7cd9d1c7de5b60fc6f96e6d9f483c4c9ba77f5a-scaled.jpg\",\"contentUrl\":\"https:\\\/\\\/www.camping-ecrins.com\\\/wp-content\\\/uploads\\\/2026\\\/01\\\/e7cd9d1c7de5b60fc6f96e6d9f483c4c9ba77f5a-scaled.jpg\",\"width\":2560,\"height\":1441,\"caption\":\"Randonn\u00e9e et activit\u00e9s nature au d\u00e9part du Camping Les 6 Stations, Champsaur\"},{\"@type\":\"BreadcrumbList\",\"@id\":\"https:\\\/\\\/www.camping-ecrins.com\\\/nl\\\/verkoopvoorwaarden\\\/#breadcrumb\",\"itemListElement\":[{\"@type\":\"ListItem\",\"position\":1,\"name\":\"Home\",\"item\":\"https:\\\/\\\/www.camping-ecrins.com\\\/nl\\\/\"},{\"@type\":\"ListItem\",\"position\":2,\"name\":\"Verkoopvoorwaarden\"}]},{\"@type\":\"WebSite\",\"@id\":\"https:\\\/\\\/www.camping-ecrins.com\\\/nl\\\/#website\",\"url\":\"https:\\\/\\\/www.camping-ecrins.com\\\/nl\\\/\",\"name\":\"Camping Les 6 Stations | Saint-Jean-Saint-Nicolas\",\"description\":\"\",\"publisher\":{\"@id\":\"https:\\\/\\\/www.camping-ecrins.com\\\/nl\\\/#organization\"},\"potentialAction\":[{\"@type\":\"SearchAction\",\"target\":{\"@type\":\"EntryPoint\",\"urlTemplate\":\"https:\\\/\\\/www.camping-ecrins.com\\\/nl\\\/?s={search_term_string}\"},\"query-input\":{\"@type\":\"PropertyValueSpecification\",\"valueRequired\":true,\"valueName\":\"search_term_string\"}}],\"inLanguage\":\"nl-NL\"},{\"@type\":\"Organization\",\"@id\":\"https:\\\/\\\/www.camping-ecrins.com\\\/nl\\\/#organization\",\"name\":\"Camping Les 6 Stations | Saint-Jean-Saint-Nicolas\",\"url\":\"https:\\\/\\\/www.camping-ecrins.com\\\/nl\\\/\",\"logo\":{\"@type\":\"ImageObject\",\"inLanguage\":\"nl-NL\",\"@id\":\"https:\\\/\\\/www.camping-ecrins.com\\\/nl\\\/#\\\/schema\\\/logo\\\/image\\\/\",\"url\":\"https:\\\/\\\/www.camping-ecrins.com\\\/wp-content\\\/uploads\\\/2025\\\/12\\\/logo-couleur-camping-ecrins.svg\",\"contentUrl\":\"https:\\\/\\\/www.camping-ecrins.com\\\/wp-content\\\/uploads\\\/2025\\\/12\\\/logo-couleur-camping-ecrins.svg\",\"caption\":\"Camping Les 6 Stations | Saint-Jean-Saint-Nicolas\"},\"image\":{\"@id\":\"https:\\\/\\\/www.camping-ecrins.com\\\/nl\\\/#\\\/schema\\\/logo\\\/image\\\/\"},\"sameAs\":[\"https:\\\/\\\/www.facebook.com\\\/les6stations\\\/\",\"https:\\\/\\\/www.instagram.com\\\/campingles6stations\\\/\"],\"aggregateRating\":{\"@type\":\"AggregateRating\",\"ratingValue\":4.6,\"reviewCount\":175,\"bestRating\":5,\"worstRating\":1}}]}<\/script>\n<!-- \/ Yoast SEO plugin. -->","yoast_head_json":{"title":"Verkoopvoorwaarden - Camping Les 6 Stations | Saint-Jean-Saint-Nicolas","robots":{"index":"index","follow":"follow","max-snippet":"max-snippet:-1","max-image-preview":"max-image-preview:large","max-video-preview":"max-video-preview:-1"},"canonical":"https:\/\/www.camping-ecrins.com\/nl\/verkoopvoorwaarden\/","og_locale":"nl_NL","og_type":"article","og_title":"Verkoopvoorwaarden - Camping Les 6 Stations | Saint-Jean-Saint-Nicolas","og_url":"https:\/\/www.camping-ecrins.com\/nl\/verkoopvoorwaarden\/","og_site_name":"Camping Les 6 Stations | Saint-Jean-Saint-Nicolas","article_publisher":"https:\/\/www.facebook.com\/les6stations\/","og_image":[{"width":2560,"height":1441,"url":"https:\/\/www.camping-ecrins.com\/wp-content\/uploads\/2026\/01\/e7cd9d1c7de5b60fc6f96e6d9f483c4c9ba77f5a-scaled.jpg","type":"image\/jpeg"}],"twitter_card":"summary_large_image","schema":{"@context":"https:\/\/schema.org","@graph":[{"@type":"WebPage","@id":"https:\/\/www.camping-ecrins.com\/nl\/verkoopvoorwaarden\/","url":"https:\/\/www.camping-ecrins.com\/nl\/verkoopvoorwaarden\/","name":"Verkoopvoorwaarden - Camping Les 6 Stations | Saint-Jean-Saint-Nicolas","isPartOf":{"@id":"https:\/\/www.camping-ecrins.com\/nl\/#website"},"primaryImageOfPage":{"@id":"https:\/\/www.camping-ecrins.com\/nl\/verkoopvoorwaarden\/#primaryimage"},"image":{"@id":"https:\/\/www.camping-ecrins.com\/nl\/verkoopvoorwaarden\/#primaryimage"},"thumbnailUrl":"https:\/\/www.camping-ecrins.com\/wp-content\/uploads\/2026\/01\/e7cd9d1c7de5b60fc6f96e6d9f483c4c9ba77f5a-scaled.jpg","datePublished":"2026-01-08T13:21:19+00:00","breadcrumb":{"@id":"https:\/\/www.camping-ecrins.com\/nl\/verkoopvoorwaarden\/#breadcrumb"},"inLanguage":"nl-NL","potentialAction":[{"@type":"ReadAction","target":["https:\/\/www.camping-ecrins.com\/nl\/verkoopvoorwaarden\/"]}]},{"@type":"ImageObject","inLanguage":"nl-NL","@id":"https:\/\/www.camping-ecrins.com\/nl\/verkoopvoorwaarden\/#primaryimage","url":"https:\/\/www.camping-ecrins.com\/wp-content\/uploads\/2026\/01\/e7cd9d1c7de5b60fc6f96e6d9f483c4c9ba77f5a-scaled.jpg","contentUrl":"https:\/\/www.camping-ecrins.com\/wp-content\/uploads\/2026\/01\/e7cd9d1c7de5b60fc6f96e6d9f483c4c9ba77f5a-scaled.jpg","width":2560,"height":1441,"caption":"Randonn\u00e9e et activit\u00e9s nature au d\u00e9part du Camping Les 6 Stations, Champsaur"},{"@type":"BreadcrumbList","@id":"https:\/\/www.camping-ecrins.com\/nl\/verkoopvoorwaarden\/#breadcrumb","itemListElement":[{"@type":"ListItem","position":1,"name":"Home","item":"https:\/\/www.camping-ecrins.com\/nl\/"},{"@type":"ListItem","position":2,"name":"Verkoopvoorwaarden"}]},{"@type":"WebSite","@id":"https:\/\/www.camping-ecrins.com\/nl\/#website","url":"https:\/\/www.camping-ecrins.com\/nl\/","name":"Camping Les 6 Stations | Saint-Jean-Saint-Nicolas","description":"","publisher":{"@id":"https:\/\/www.camping-ecrins.com\/nl\/#organization"},"potentialAction":[{"@type":"SearchAction","target":{"@type":"EntryPoint","urlTemplate":"https:\/\/www.camping-ecrins.com\/nl\/?s={search_term_string}"},"query-input":{"@type":"PropertyValueSpecification","valueRequired":true,"valueName":"search_term_string"}}],"inLanguage":"nl-NL"},{"@type":"Organization","@id":"https:\/\/www.camping-ecrins.com\/nl\/#organization","name":"Camping Les 6 Stations | Saint-Jean-Saint-Nicolas","url":"https:\/\/www.camping-ecrins.com\/nl\/","logo":{"@type":"ImageObject","inLanguage":"nl-NL","@id":"https:\/\/www.camping-ecrins.com\/nl\/#\/schema\/logo\/image\/","url":"https:\/\/www.camping-ecrins.com\/wp-content\/uploads\/2025\/12\/logo-couleur-camping-ecrins.svg","contentUrl":"https:\/\/www.camping-ecrins.com\/wp-content\/uploads\/2025\/12\/logo-couleur-camping-ecrins.svg","caption":"Camping Les 6 Stations | Saint-Jean-Saint-Nicolas"},"image":{"@id":"https:\/\/www.camping-ecrins.com\/nl\/#\/schema\/logo\/image\/"},"sameAs":["https:\/\/www.facebook.com\/les6stations\/","https:\/\/www.instagram.com\/campingles6stations\/"],"aggregateRating":{"@type":"AggregateRating","ratingValue":4.6,"reviewCount":175,"bestRating":5,"worstRating":1}}]}},"_links":{"self":[{"href":"https:\/\/www.camping-ecrins.com\/nl\/wp-json\/wp\/v2\/pages\/121","targetHints":{"allow":["GET"]}}],"collection":[{"href":"https:\/\/www.camping-ecrins.com\/nl\/wp-json\/wp\/v2\/pages"}],"about":[{"href":"https:\/\/www.camping-ecrins.com\/nl\/wp-json\/wp\/v2\/types\/page"}],"author":[{"embeddable":true,"href":"https:\/\/www.camping-ecrins.com\/nl\/wp-json\/wp\/v2\/users\/1"}],"replies":[{"embeddable":true,"href":"https:\/\/www.camping-ecrins.com\/nl\/wp-json\/wp\/v2\/comments?post=121"}],"version-history":[{"count":0,"href":"https:\/\/www.camping-ecrins.com\/nl\/wp-json\/wp\/v2\/pages\/121\/revisions"}],"wp:featuredmedia":[{"embeddable":true,"href":"https:\/\/www.camping-ecrins.com\/nl\/wp-json\/wp\/v2\/media\/122"}],"wp:attachment":[{"href":"https:\/\/www.camping-ecrins.com\/nl\/wp-json\/wp\/v2\/media?parent=121"}],"curies":[{"name":"wp","href":"https:\/\/api.w.org\/{rel}","templated":true}]}}