{"id":154,"date":"2025-12-08T14:52:34","date_gmt":"2025-12-08T13:52:34","guid":{"rendered":"https:\/\/www.camping-ecrins.com\/\/juridische-informatie-en-credits\/"},"modified":"2026-01-26T14:44:13","modified_gmt":"2026-01-26T13:44:13","slug":"juridische-informatie-en-credits","status":"publish","type":"page","link":"https:\/\/www.camping-ecrins.com\/nl\/juridische-informatie-en-credits\/","title":{"rendered":"Juridische informatie en credits"},"content":{"rendered":"\n<div class=\"wp-block-columns is-layout-flex wp-container-core-columns-is-layout-6c531013 wp-block-columns-is-layout-flex\">\n<div class=\"wp-block-column is-layout-flow wp-block-column-is-layout-flow\">\n<p>De site [SITE URL] is eigendom van : <strong>[STRUCTUUR]<\/strong> <br\/> <br\/>[ADRES]  <br\/><span class=\"postal-code\">[POSTCODE]<\/span> <span class=\"locality\">[STAD]<\/span>, <span class=\"country-name sr-only\">Frankrijk<\/span> <br\/><a title=\"Telefoon\" class=\"tel\" href=\"tel:+334XXXXXXXX\">[XX XX XX XX XX] + [LINK WIJZIGEN].<\/a> <br\/><a class=\"email\" href=\"mailto:%5BEMAIL%5D\">[E-MAIL] + [LINK WIJZIGEN].<\/a> <br\/><a href=\"https:\/\/www.openyourmap.link\/?q=\" target=\"_blank\" rel=\"noopener nofollow external\">Zie op de kaart [MODIFY LINK]<\/a> <br\/>Juridische status van het bedrijf: [STATUS] <br\/>SIREN : [SIREN] <br\/>TVA Intracommunautaire : [TVA] <br\/>Aandelenkapitaal: [CAPITAL].<\/p>\n<\/div>\n\n\n\n<div class=\"wp-block-column is-layout-flow wp-block-column-is-layout-flow\">\n<h2 class=\"wp-block-heading\">Verantwoordelijk voor redactie<\/h2>\n\n\n\n<p>[REDACTIEMANAGER].<\/p>\n\n\n\n<h2 class=\"wp-block-heading\">Verantwoordelijk voor publicatie<\/h2>\n\n\n\n<p>[VERANTWOORDELIJK VOOR PUBLICATIE]<\/p>\n<\/div>\n<\/div>\n\n<div class=\"wp-block-group has-global-padding is-layout-constrained wp-block-group-is-layout-constrained\">\n<div class=\"wp-block-columns is-layout-flex wp-container-core-columns-is-layout-6c531013 wp-block-columns-is-layout-flex\">\n<div class=\"wp-block-column is-layout-flow wp-block-column-is-layout-flow\">\n<h2 class=\"wp-block-heading\">Webdesign<\/h2>\n\n\n\n<p>Het UI \/ UX-ontwerp en de CSS-integratie werden uitgevoerd door het<a title=\"Agence WebSenso - UX ontwerp webdesign\" href=\"https:\/\/www.websenso.com\/expertises\/ux-design\" target=\"_blank\" rel=\"noopener\">bureau WebSenso<\/a> op basis van aangeleverde elementen (logo, grafisch charter, enz.).<\/p>\n<\/div>\n\n\n\n<div class=\"wp-block-column is-layout-flow wp-block-column-is-layout-flow\">\n<h2 class=\"wp-block-heading\">Ontwikkeling<\/h2>\n\n\n\n<p>Dit webproject werd uitgevoerd door het<a title=\"WebSenso Agency - WordPress applicatie-ontwikkeling\" href=\"https:\/\/www.websenso.com\" target=\"_blank\" rel=\"noopener\">bureau WebSenso<\/a> met behulp van het WordPress CMS: instellingen, plugins, thema, enz.<\/p>\n<\/div>\n<\/div>\n\n\n\n<div class=\"wp-block-group has-global-padding is-layout-constrained wp-block-group-is-layout-constrained\">\n<div class=\"wp-block-column is-layout-flow wp-block-column-is-layout-flow\">\n<div class=\"wp-block-columns is-layout-flex wp-container-core-columns-is-layout-6c531013 wp-block-columns-is-layout-flex\">\n<div class=\"wp-block-column is-layout-flow wp-block-column-is-layout-flow\">\n<h2 class=\"wp-block-heading\">Onderhoud<\/h2>\n\n\n\n<p><a href=\"https:\/\/www.websenso.com\/expertises\/wordpress\" target=\"_blank\" rel=\"noopener\">WordPress TMA<\/a> (Third Party Application Maintenance) wordt beheerd door het<a href=\"https:\/\/www.websenso.com\" target=\"_blank\" rel=\"noopener\">agentschap WebSenso<\/a>.<\/p>\n<\/div>\n\n\n\n<div class=\"wp-block-column is-layout-flow wp-block-column-is-layout-flow\">\n<h2 class=\"wp-block-heading\">Hosting<\/h2>\n\n\n\n<p>Deze dienst wordt fysiek gehost in Frankrijk in een datacenter van OVHCloud.<\/p>\n<\/div>\n<\/div>\n<\/div>\n<\/div>\n\n\n\n<h2 class=\"wp-block-heading\">Intellectueel eigendom<\/h2>\n\n\n\n<p>Onze entiteit is eigenaar van de intellectuele eigendomsrechten of heeft de gebruiksrechten van alle elementen die toegankelijk zijn op de site, met name teksten, afbeeldingen, grafieken, logo&#8217;s, enz. Voor het kopi\u00ebren, aanpassen of citeren van deze inhoud dient u vooraf schriftelijke toestemming te verkrijgen. <\/p>\n\n\n\n<h2 class=\"wp-block-heading\">Hyperlinks<\/h2>\n\n\n\n<p>Tijdens het surfen zult u verschillende hyperlinks naar andere websites tegenkomen. Onze entiteit heeft niet de mogelijkheid om de inhoud van deze sites te controleren en aanvaardt hiervoor dan ook geen enkele aansprakelijkheid. <\/p>\n\n\n\n<h2 class=\"wp-block-heading\">Cookies<\/h2>\n\n\n\n<p>Als je op deze site surft, worden er kleine bestanden, <a href=\"https:\/\/fr.wikipedia.org\/wiki\/Cookie_(informatique)\" target=\"_blank\" rel=\"nofollow noopener external\">cookies<\/a> genaamd, ge\u00efnstalleerd in de browser van de gebruiker. Ze zijn leuk en nemen niet veel ruimte in. Als u echter weigert om een cookie te installeren, kan dit technisch gezien de toegang tot bepaalde services blokkeren en ons vermogen om de browse-ervaring te verbeteren beperken. Hieronder vindt u de lijst van gebruikte cookies.   <\/p>\n\n\n\n        \n        <div class=\"table-responsive\">\n            <table class=\"table cookie-tracker-table\">\n                <thead>\n                    <tr>\n                        <th>Outil<\/th>\n                        <th>Fonctionnalit\u00e9<\/th>\n                        <th>Fichier(s)<\/th>\n                        <th>Dur\u00e9e de vie<\/th>\n                        <th>IP collect\u00e9e<\/th>\n                        <th><a href=\"https:\/\/www.eff.org\/issues\/do-not-track\" target=\"_blank\">DNT<\/a> respect\u00e9<\/th>\n                    <\/tr>\n                <\/thead>\n                <tbody>\n                    <tr>\n                        <td><strong>Ce site uniquement<\/strong> <br \/>CMS WordPress<\/td>\n                        <td>G\u00e8re les sessions utilisateur, la d\u00e9tection de JavaScript, et la persistance de la connexion.<\/td>\n                        <td>has_js<br \/>wordpress_logged_in_*<\/td>\n                        <td>Expire \u00e0 la fermeture du navigateur.<\/td>\n                        <td>-<\/td>\n                        <td>-<\/td>\n                    <\/tr>\n\n                                            <tr>\n                            <td><strong>Matomo<\/strong> <br \/>H\u00e9berg\u00e9 en France<\/td>\n                            <td>Votre navigation est mesur\u00e9e par la solution Matomo. H\u00e9berg\u00e9e sur des serveurs en France (<a href=\"https:\/\/www.websenso.com\/analytics\" target=\"_blank\">https:\/\/www.websenso.com\/analytics<\/a>), ce logiciel est configur\u00e9 avec les param\u00e8tres stricts du respect de la vie priv\u00e9.<\/td>\n                            <td> Aucun<\/td>\n                            <td>-<\/td>\n                            <td>\n                                <div style=\"color: green;\">\ud83d\ude0e R\u00e9duite<\/div>\n                                <small>IP (2 octets masqu\u00e9s)\u00a0: 216.73.xxx.xxx<\/small>\n                            <\/td>\n                            <td>\n                                -                            <\/td>\n                        <\/tr>\n                    \n                                    <\/tbody>\n            <\/table>\n        <\/div>\n\n\n\n\n\n<h2 class=\"wp-block-heading\">Beheer van persoonlijke gegevens<\/h2>\n\n\n\n<p>Tijdens het surfen op deze website kan informatie worden verzameld: herkomst, toegangsprovider, IP-adres, enz. De site verzamelt persoonlijke informatie ten behoeve van bepaalde diensten die door deze site worden aangeboden, zie hierboven. Bezoekers hebben het recht op toegang tot, rectificatie van en bezwaar tegen hun persoonlijke gegevens door een schriftelijk verzoek te sturen naar bovenstaand adres.  <\/p>\n\n\n\n<h2 class=\"wp-block-heading\">Toepasselijk recht en jurisdictie<\/h2>\n\n\n\n<p>Elk geschil met betrekking tot het gebruik van deze site is onderworpen aan de Franse wet en in de taal van Moli\u00e8re. Cocorico! <\/p>\n\n\n\n<h2 class=\"wp-block-heading\">Nog steeds hier?<\/h2>\n\n\n\n<p>Gefeliciteerd! Want deze pagina is toch wel de minst interessante op deze site \ud83d\ude09 <\/p>\n<\/div>\n","protected":false},"excerpt":{"rendered":"<p>De site [SITE URL] is eigendom van : [STRUCTUUR] [ADRES] [POSTCODE] [STAD], Frankrijk [XX XX XX XX XX] + [LINK WIJZIGEN]. [E-MAIL] + [LINK WIJZIGEN]. Zie op de kaart [MODIFY LINK] Juridische status van het bedrijf: [STATUS] SIREN : [SIREN] TVA Intracommunautaire : [TVA] Aandelenkapitaal: [CAPITAL]. Verantwoordelijk voor redactie [REDACTIEMANAGER]. Verantwoordelijk voor publicatie [VERANTWOORDELIJK VOOR [&hellip;]<\/p>\n","protected":false},"author":1,"featured_media":367,"parent":0,"menu_order":0,"comment_status":"closed","ping_status":"closed","template":"","meta":{"footnotes":""},"class_list":["post-154","page","type-page","status-publish","has-post-thumbnail","hentry"],"yoast_head":"<!-- This site is optimized with the Yoast SEO plugin v27.5 - https:\/\/yoast.com\/product\/yoast-seo-wordpress\/ -->\n<title>Juridische informatie en credits - Camping Les 6 Stations | Saint-Jean-Saint-Nicolas<\/title>\n<meta name=\"robots\" content=\"index, follow, max-snippet:-1, max-image-preview:large, max-video-preview:-1\" \/>\n<link rel=\"canonical\" href=\"https:\/\/www.camping-ecrins.com\/nl\/juridische-informatie-en-credits\/\" \/>\n<meta property=\"og:locale\" content=\"nl_NL\" \/>\n<meta property=\"og:type\" content=\"article\" \/>\n<meta property=\"og:title\" content=\"Juridische informatie en credits - Camping Les 6 Stations | Saint-Jean-Saint-Nicolas\" \/>\n<meta property=\"og:description\" content=\"De site [SITE URL] is eigendom van : [STRUCTUUR] [ADRES] [POSTCODE] [STAD], Frankrijk [XX XX XX XX XX] + [LINK WIJZIGEN]. [E-MAIL] + [LINK WIJZIGEN]. Zie op de kaart [MODIFY LINK] Juridische status van het bedrijf: [STATUS] SIREN : [SIREN] TVA Intracommunautaire : [TVA] Aandelenkapitaal: [CAPITAL]. Verantwoordelijk voor redactie [REDACTIEMANAGER]. Verantwoordelijk voor publicatie [VERANTWOORDELIJK VOOR [&hellip;]\" \/>\n<meta property=\"og:url\" content=\"https:\/\/www.camping-ecrins.com\/nl\/juridische-informatie-en-credits\/\" \/>\n<meta property=\"og:site_name\" content=\"Camping Les 6 Stations | Saint-Jean-Saint-Nicolas\" \/>\n<meta property=\"article:publisher\" content=\"https:\/\/www.facebook.com\/les6stations\/\" \/>\n<meta property=\"article:modified_time\" content=\"2026-01-26T13:44:13+00:00\" \/>\n<meta property=\"og:image\" content=\"https:\/\/www.camping-ecrins.com\/wp-content\/uploads\/2026\/02\/beea2918-3932-457e-bcbd-c6e2f15ebef1.jpg\" \/>\n\t<meta property=\"og:image:width\" content=\"1600\" \/>\n\t<meta property=\"og:image:height\" content=\"1200\" \/>\n\t<meta property=\"og:image:type\" content=\"image\/jpeg\" \/>\n<meta name=\"twitter:card\" content=\"summary_large_image\" \/>\n<meta name=\"twitter:label1\" content=\"Geschatte leestijd\" \/>\n\t<meta name=\"twitter:data1\" content=\"2 minuten\" \/>\n<script type=\"application\/ld+json\" class=\"yoast-schema-graph\">{\"@context\":\"https:\\\/\\\/schema.org\",\"@graph\":[{\"@type\":\"WebPage\",\"@id\":\"https:\\\/\\\/www.camping-ecrins.com\\\/nl\\\/juridische-informatie-en-credits\\\/\",\"url\":\"https:\\\/\\\/www.camping-ecrins.com\\\/nl\\\/juridische-informatie-en-credits\\\/\",\"name\":\"Juridische informatie en credits - Camping Les 6 Stations | Saint-Jean-Saint-Nicolas\",\"isPartOf\":{\"@id\":\"https:\\\/\\\/www.camping-ecrins.com\\\/nl\\\/#website\"},\"primaryImageOfPage\":{\"@id\":\"https:\\\/\\\/www.camping-ecrins.com\\\/nl\\\/juridische-informatie-en-credits\\\/#primaryimage\"},\"image\":{\"@id\":\"https:\\\/\\\/www.camping-ecrins.com\\\/nl\\\/juridische-informatie-en-credits\\\/#primaryimage\"},\"thumbnailUrl\":\"https:\\\/\\\/www.camping-ecrins.com\\\/wp-content\\\/uploads\\\/2026\\\/02\\\/beea2918-3932-457e-bcbd-c6e2f15ebef1.jpg\",\"datePublished\":\"2025-12-08T13:52:34+00:00\",\"dateModified\":\"2026-01-26T13:44:13+00:00\",\"breadcrumb\":{\"@id\":\"https:\\\/\\\/www.camping-ecrins.com\\\/nl\\\/juridische-informatie-en-credits\\\/#breadcrumb\"},\"inLanguage\":\"nl-NL\",\"potentialAction\":[{\"@type\":\"ReadAction\",\"target\":[\"https:\\\/\\\/www.camping-ecrins.com\\\/nl\\\/juridische-informatie-en-credits\\\/\"]}]},{\"@type\":\"ImageObject\",\"inLanguage\":\"nl-NL\",\"@id\":\"https:\\\/\\\/www.camping-ecrins.com\\\/nl\\\/juridische-informatie-en-credits\\\/#primaryimage\",\"url\":\"https:\\\/\\\/www.camping-ecrins.com\\\/wp-content\\\/uploads\\\/2026\\\/02\\\/beea2918-3932-457e-bcbd-c6e2f15ebef1.jpg\",\"contentUrl\":\"https:\\\/\\\/www.camping-ecrins.com\\\/wp-content\\\/uploads\\\/2026\\\/02\\\/beea2918-3932-457e-bcbd-c6e2f15ebef1.jpg\",\"width\":1600,\"height\":1200},{\"@type\":\"BreadcrumbList\",\"@id\":\"https:\\\/\\\/www.camping-ecrins.com\\\/nl\\\/juridische-informatie-en-credits\\\/#breadcrumb\",\"itemListElement\":[{\"@type\":\"ListItem\",\"position\":1,\"name\":\"Home\",\"item\":\"https:\\\/\\\/www.camping-ecrins.com\\\/nl\\\/\"},{\"@type\":\"ListItem\",\"position\":2,\"name\":\"Juridische informatie en credits\"}]},{\"@type\":\"WebSite\",\"@id\":\"https:\\\/\\\/www.camping-ecrins.com\\\/nl\\\/#website\",\"url\":\"https:\\\/\\\/www.camping-ecrins.com\\\/nl\\\/\",\"name\":\"Camping Les 6 Stations | Saint-Jean-Saint-Nicolas\",\"description\":\"\",\"publisher\":{\"@id\":\"https:\\\/\\\/www.camping-ecrins.com\\\/nl\\\/#organization\"},\"potentialAction\":[{\"@type\":\"SearchAction\",\"target\":{\"@type\":\"EntryPoint\",\"urlTemplate\":\"https:\\\/\\\/www.camping-ecrins.com\\\/nl\\\/?s={search_term_string}\"},\"query-input\":{\"@type\":\"PropertyValueSpecification\",\"valueRequired\":true,\"valueName\":\"search_term_string\"}}],\"inLanguage\":\"nl-NL\"},{\"@type\":\"Organization\",\"@id\":\"https:\\\/\\\/www.camping-ecrins.com\\\/nl\\\/#organization\",\"name\":\"Camping Les 6 Stations | Saint-Jean-Saint-Nicolas\",\"url\":\"https:\\\/\\\/www.camping-ecrins.com\\\/nl\\\/\",\"logo\":{\"@type\":\"ImageObject\",\"inLanguage\":\"nl-NL\",\"@id\":\"https:\\\/\\\/www.camping-ecrins.com\\\/nl\\\/#\\\/schema\\\/logo\\\/image\\\/\",\"url\":\"https:\\\/\\\/www.camping-ecrins.com\\\/wp-content\\\/uploads\\\/2025\\\/12\\\/logo-couleur-camping-ecrins.svg\",\"contentUrl\":\"https:\\\/\\\/www.camping-ecrins.com\\\/wp-content\\\/uploads\\\/2025\\\/12\\\/logo-couleur-camping-ecrins.svg\",\"caption\":\"Camping Les 6 Stations | Saint-Jean-Saint-Nicolas\"},\"image\":{\"@id\":\"https:\\\/\\\/www.camping-ecrins.com\\\/nl\\\/#\\\/schema\\\/logo\\\/image\\\/\"},\"sameAs\":[\"https:\\\/\\\/www.facebook.com\\\/les6stations\\\/\",\"https:\\\/\\\/www.instagram.com\\\/campingles6stations\\\/\"],\"aggregateRating\":{\"@type\":\"AggregateRating\",\"ratingValue\":4.6,\"reviewCount\":175,\"bestRating\":5,\"worstRating\":1}}]}<\/script>\n<!-- \/ Yoast SEO plugin. -->","yoast_head_json":{"title":"Juridische informatie en credits - Camping Les 6 Stations | Saint-Jean-Saint-Nicolas","robots":{"index":"index","follow":"follow","max-snippet":"max-snippet:-1","max-image-preview":"max-image-preview:large","max-video-preview":"max-video-preview:-1"},"canonical":"https:\/\/www.camping-ecrins.com\/nl\/juridische-informatie-en-credits\/","og_locale":"nl_NL","og_type":"article","og_title":"Juridische informatie en credits - Camping Les 6 Stations | Saint-Jean-Saint-Nicolas","og_description":"De site [SITE URL] is eigendom van : [STRUCTUUR] [ADRES] [POSTCODE] [STAD], Frankrijk [XX XX XX XX XX] + [LINK WIJZIGEN]. [E-MAIL] + [LINK WIJZIGEN]. Zie op de kaart [MODIFY LINK] Juridische status van het bedrijf: [STATUS] SIREN : [SIREN] TVA Intracommunautaire : [TVA] Aandelenkapitaal: [CAPITAL]. Verantwoordelijk voor redactie [REDACTIEMANAGER]. Verantwoordelijk voor publicatie [VERANTWOORDELIJK VOOR [&hellip;]","og_url":"https:\/\/www.camping-ecrins.com\/nl\/juridische-informatie-en-credits\/","og_site_name":"Camping Les 6 Stations | Saint-Jean-Saint-Nicolas","article_publisher":"https:\/\/www.facebook.com\/les6stations\/","article_modified_time":"2026-01-26T13:44:13+00:00","og_image":[{"width":1600,"height":1200,"url":"https:\/\/www.camping-ecrins.com\/wp-content\/uploads\/2026\/02\/beea2918-3932-457e-bcbd-c6e2f15ebef1.jpg","type":"image\/jpeg"}],"twitter_card":"summary_large_image","twitter_misc":{"Geschatte leestijd":"2 minuten"},"schema":{"@context":"https:\/\/schema.org","@graph":[{"@type":"WebPage","@id":"https:\/\/www.camping-ecrins.com\/nl\/juridische-informatie-en-credits\/","url":"https:\/\/www.camping-ecrins.com\/nl\/juridische-informatie-en-credits\/","name":"Juridische informatie en credits - Camping Les 6 Stations | Saint-Jean-Saint-Nicolas","isPartOf":{"@id":"https:\/\/www.camping-ecrins.com\/nl\/#website"},"primaryImageOfPage":{"@id":"https:\/\/www.camping-ecrins.com\/nl\/juridische-informatie-en-credits\/#primaryimage"},"image":{"@id":"https:\/\/www.camping-ecrins.com\/nl\/juridische-informatie-en-credits\/#primaryimage"},"thumbnailUrl":"https:\/\/www.camping-ecrins.com\/wp-content\/uploads\/2026\/02\/beea2918-3932-457e-bcbd-c6e2f15ebef1.jpg","datePublished":"2025-12-08T13:52:34+00:00","dateModified":"2026-01-26T13:44:13+00:00","breadcrumb":{"@id":"https:\/\/www.camping-ecrins.com\/nl\/juridische-informatie-en-credits\/#breadcrumb"},"inLanguage":"nl-NL","potentialAction":[{"@type":"ReadAction","target":["https:\/\/www.camping-ecrins.com\/nl\/juridische-informatie-en-credits\/"]}]},{"@type":"ImageObject","inLanguage":"nl-NL","@id":"https:\/\/www.camping-ecrins.com\/nl\/juridische-informatie-en-credits\/#primaryimage","url":"https:\/\/www.camping-ecrins.com\/wp-content\/uploads\/2026\/02\/beea2918-3932-457e-bcbd-c6e2f15ebef1.jpg","contentUrl":"https:\/\/www.camping-ecrins.com\/wp-content\/uploads\/2026\/02\/beea2918-3932-457e-bcbd-c6e2f15ebef1.jpg","width":1600,"height":1200},{"@type":"BreadcrumbList","@id":"https:\/\/www.camping-ecrins.com\/nl\/juridische-informatie-en-credits\/#breadcrumb","itemListElement":[{"@type":"ListItem","position":1,"name":"Home","item":"https:\/\/www.camping-ecrins.com\/nl\/"},{"@type":"ListItem","position":2,"name":"Juridische informatie en credits"}]},{"@type":"WebSite","@id":"https:\/\/www.camping-ecrins.com\/nl\/#website","url":"https:\/\/www.camping-ecrins.com\/nl\/","name":"Camping Les 6 Stations | Saint-Jean-Saint-Nicolas","description":"","publisher":{"@id":"https:\/\/www.camping-ecrins.com\/nl\/#organization"},"potentialAction":[{"@type":"SearchAction","target":{"@type":"EntryPoint","urlTemplate":"https:\/\/www.camping-ecrins.com\/nl\/?s={search_term_string}"},"query-input":{"@type":"PropertyValueSpecification","valueRequired":true,"valueName":"search_term_string"}}],"inLanguage":"nl-NL"},{"@type":"Organization","@id":"https:\/\/www.camping-ecrins.com\/nl\/#organization","name":"Camping Les 6 Stations | Saint-Jean-Saint-Nicolas","url":"https:\/\/www.camping-ecrins.com\/nl\/","logo":{"@type":"ImageObject","inLanguage":"nl-NL","@id":"https:\/\/www.camping-ecrins.com\/nl\/#\/schema\/logo\/image\/","url":"https:\/\/www.camping-ecrins.com\/wp-content\/uploads\/2025\/12\/logo-couleur-camping-ecrins.svg","contentUrl":"https:\/\/www.camping-ecrins.com\/wp-content\/uploads\/2025\/12\/logo-couleur-camping-ecrins.svg","caption":"Camping Les 6 Stations | Saint-Jean-Saint-Nicolas"},"image":{"@id":"https:\/\/www.camping-ecrins.com\/nl\/#\/schema\/logo\/image\/"},"sameAs":["https:\/\/www.facebook.com\/les6stations\/","https:\/\/www.instagram.com\/campingles6stations\/"],"aggregateRating":{"@type":"AggregateRating","ratingValue":4.6,"reviewCount":175,"bestRating":5,"worstRating":1}}]}},"_links":{"self":[{"href":"https:\/\/www.camping-ecrins.com\/nl\/wp-json\/wp\/v2\/pages\/154","targetHints":{"allow":["GET"]}}],"collection":[{"href":"https:\/\/www.camping-ecrins.com\/nl\/wp-json\/wp\/v2\/pages"}],"about":[{"href":"https:\/\/www.camping-ecrins.com\/nl\/wp-json\/wp\/v2\/types\/page"}],"author":[{"embeddable":true,"href":"https:\/\/www.camping-ecrins.com\/nl\/wp-json\/wp\/v2\/users\/1"}],"replies":[{"embeddable":true,"href":"https:\/\/www.camping-ecrins.com\/nl\/wp-json\/wp\/v2\/comments?post=154"}],"version-history":[{"count":0,"href":"https:\/\/www.camping-ecrins.com\/nl\/wp-json\/wp\/v2\/pages\/154\/revisions"}],"wp:featuredmedia":[{"embeddable":true,"href":"https:\/\/www.camping-ecrins.com\/nl\/wp-json\/wp\/v2\/media\/367"}],"wp:attachment":[{"href":"https:\/\/www.camping-ecrins.com\/nl\/wp-json\/wp\/v2\/media?parent=154"}],"curies":[{"name":"wp","href":"https:\/\/api.w.org\/{rel}","templated":true}]}}